{"id":11,"date":"2026-01-08T21:27:20","date_gmt":"2026-01-08T20:27:20","guid":{"rendered":"https:\/\/ursels.shop\/index.php\/shop\/"},"modified":"2026-04-06T17:24:23","modified_gmt":"2026-04-06T16:24:23","slug":"hello_world","status":"publish","type":"page","link":"http:\/\/ursels.com\/index.php\/hello_world\/","title":{"rendered":"Hello World"},"content":{"rendered":"<div class=\"et_pb_section_0 et_pb_section et_section_regular et_flex_section et_pb_section_parallax\"><span class=\"et-pb-parallax-wrapper\"><span class=\"et-pb-parallax-background et-pb-parallax-background-module--divi-section-0\" style=\"background-image:url(http:\/\/ursels.com\/wp-content\/uploads\/2026\/02\/ChatGPT-Image-12.-Jan.-2026-09_39_36.png)\"><\/span><\/span>\n<div class=\"et_pb_row_0 et_pb_row et_flex_row\">\n<div class=\"et_pb_column_0 et_pb_column et-last-child et_flex_column et_pb_css_mix_blend_mode_passthrough et_flex_column_24_24\">\n<div class=\"et_pb_text_0 et_pb_text et_pb_bg_layout_light et_pb_module et_flex_module\"><div class=\"et_pb_text_inner\"><h2 style=\"text-align: center;\"><b>Hello World <\/b><\/h2>\n<h3 style=\"text-align: center;\"><em><b>Willkommen im Leben<\/b><\/em><\/h3>\n<p><em><b><\/b><\/em><\/p>\n<p class=\"p1\" style=\"text-align: center;\">Die ersten Momente sind leise, fl\u00fcchtig und gleichzeitig von unsch\u00e4tzbarem Wert. Ein erster Blick, ein erstes L\u00e4cheln, ein winziger H\u00e4ndedruck \u2013 und pl\u00f6tzlich ist alles anders.<\/p>\n<p class=\"p1\" style=\"text-align: center;\">In unserer Kategorie <span class=\"s1\"><b>Hello World<\/b><\/span> findest du liebevoll gestaltete Produkte f\u00fcr genau diesen Anfang. F\u00fcr Erinnerungen, die man nicht festhalten kann \u2013 au\u00dfer man gibt ihnen einen besonderen Platz.<\/p>\n<p class=\"p1\" style=\"text-align: center;\">Ob <span class=\"s1\"><b>Erinnerungsboxen<\/b><\/span> f\u00fcr die gr\u00f6\u00dften kleinen Sch\u00e4tze, <span class=\"s1\"><b>Meilensteinkarten<\/b><\/span> f\u00fcr all die ersten Male oder <span class=\"s1\"><b>personalisierte Schnullerketten<\/b><\/span>, die t\u00e4glich begleiten: Jedes St\u00fcck ist darauf ausgelegt, mehr zu sein als nur ein Produkt. Es ist ein Teil eurer Geschichte.<\/p>\n<p class=\"p1\" style=\"text-align: center;\">Mit viel Sorgfalt gefertigt, aus hochwertigen Materialien und mit einem Gesp\u00fcr f\u00fcr zeitloses Design \u2013 damit aus einem Geschenk eine Erinnerung wird, die bleibt.<\/p>\n<p class=\"p1\" style=\"text-align: center;\">F\u00fcr die ersten Kapitel eines Lebens, das gerade erst beginnt.<\/p>\n<\/div><\/div>\n<\/div>\n<\/div>\n<\/div>\n\n<div class=\"et_pb_section_1 et_pb_section et_section_regular et_flex_section\">\n<div class=\"et_pb_row_1 et_pb_row et_flex_row\">\n<div class=\"et_pb_column_1 et_pb_column et-last-child et_flex_column et_pb_css_mix_blend_mode_passthrough et_flex_column_24_24\">\n<div class=\"et_pb_shop_0 et_pb_shop et_pb_module\" data-shortcode_index=\"0\"><div class=\"woocommerce columns-3 \"><ul class=\"products columns-3\">\n<li class=\"product type-product post-65 status-publish first instock product_cat-hello_world product_tag-baby product_tag-erinnerungsbox product_tag-geburt product_tag-geschenk product_tag-graviert product_tag-holz product_tag-holzkiste product_tag-personalisiert has-post-thumbnail taxable shipping-taxable purchasable product-type-simple\">\n\t<a href=\"http:\/\/ursels.com\/index.php\/produkt\/personalisierte-erinnerungsbox-aus-holz\/\" class=\"woocommerce-LoopProduct-link woocommerce-loop-product__link\"><span class=\"et_shop_image\"><img loading=\"lazy\" decoding=\"async\" width=\"300\" height=\"300\" src=\"http:\/\/ursels.com\/wp-content\/uploads\/2026\/02\/Titelbild-Ursels-300x300.png\" class=\"attachment-woocommerce_thumbnail size-woocommerce_thumbnail\" alt=\"Personalisierte Erinnerungsbox aus Holz\" \/><span class=\"et_overlay\"><\/span><\/span><h2 class=\"woocommerce-loop-product__title\">Personalisierte Erinnerungsbox aus Holz<\/h2>\n\t<span class=\"price\"><span class=\"woocommerce-Price-amount amount\"><bdi>79,00&nbsp;<span class=\"woocommerce-Price-currencySymbol\">&euro;<\/span><\/bdi><\/span><\/span>\n<\/a><\/li>\n<\/ul>\n<\/div><\/div>\n<\/div>\n<\/div>\n<\/div>","protected":false},"excerpt":{"rendered":"","protected":false},"author":1,"featured_media":0,"parent":0,"menu_order":0,"comment_status":"closed","ping_status":"closed","template":"","meta":{"footnotes":""},"class_list":["post-11","page","type-page","status-publish","hentry"],"yoast_head":"<!-- This site is optimized with the Yoast SEO plugin v27.4 - https:\/\/yoast.com\/product\/yoast-seo-wordpress\/ -->\n<title>Hello World - Ursels<\/title>\n<meta name=\"robots\" content=\"index, follow, max-snippet:-1, max-image-preview:large, max-video-preview:-1\" \/>\n<link rel=\"canonical\" href=\"http:\/\/ursels.com\/index.php\/hello_world\/\" \/>\n<meta property=\"og:locale\" content=\"de_DE\" \/>\n<meta property=\"og:type\" content=\"article\" \/>\n<meta property=\"og:title\" content=\"Hello World - Ursels\" \/>\n<meta property=\"og:url\" content=\"http:\/\/ursels.com\/index.php\/hello_world\/\" \/>\n<meta property=\"og:site_name\" content=\"Ursels\" \/>\n<meta property=\"article:modified_time\" content=\"2026-04-06T16:24:23+00:00\" \/>\n<meta name=\"twitter:card\" content=\"summary_large_image\" \/>\n<script type=\"application\/ld+json\" class=\"yoast-schema-graph\">{\"@context\":\"https:\\\/\\\/schema.org\",\"@graph\":[{\"@type\":\"WebPage\",\"@id\":\"http:\\\/\\\/ursels.com\\\/index.php\\\/hello_world\\\/\",\"url\":\"http:\\\/\\\/ursels.com\\\/index.php\\\/hello_world\\\/\",\"name\":\"Hello World - Ursels\",\"isPartOf\":{\"@id\":\"http:\\\/\\\/ursels.com\\\/#website\"},\"datePublished\":\"2026-01-08T20:27:20+00:00\",\"dateModified\":\"2026-04-06T16:24:23+00:00\",\"breadcrumb\":{\"@id\":\"http:\\\/\\\/ursels.com\\\/index.php\\\/hello_world\\\/#breadcrumb\"},\"inLanguage\":\"de\",\"potentialAction\":[{\"@type\":\"ReadAction\",\"target\":[\"http:\\\/\\\/ursels.com\\\/index.php\\\/hello_world\\\/\"]}]},{\"@type\":\"BreadcrumbList\",\"@id\":\"http:\\\/\\\/ursels.com\\\/index.php\\\/hello_world\\\/#breadcrumb\",\"itemListElement\":[{\"@type\":\"ListItem\",\"position\":1,\"name\":\"Start\",\"item\":\"http:\\\/\\\/ursels.com\\\/\"},{\"@type\":\"ListItem\",\"position\":2,\"name\":\"Hello World\"}]},{\"@type\":\"WebSite\",\"@id\":\"http:\\\/\\\/ursels.com\\\/#website\",\"url\":\"http:\\\/\\\/ursels.com\\\/\",\"name\":\"Ursels\",\"description\":\"Geschenke und Lieblingsst\u00fccke f\u00fcr Babys &amp; Kinder\",\"potentialAction\":[{\"@type\":\"SearchAction\",\"target\":{\"@type\":\"EntryPoint\",\"urlTemplate\":\"http:\\\/\\\/ursels.com\\\/?s={search_term_string}\"},\"query-input\":{\"@type\":\"PropertyValueSpecification\",\"valueRequired\":true,\"valueName\":\"search_term_string\"}}],\"inLanguage\":\"de\"}]}<\/script>\n<!-- \/ Yoast SEO plugin. -->","yoast_head_json":{"title":"Hello World - Ursels","robots":{"index":"index","follow":"follow","max-snippet":"max-snippet:-1","max-image-preview":"max-image-preview:large","max-video-preview":"max-video-preview:-1"},"canonical":"http:\/\/ursels.com\/index.php\/hello_world\/","og_locale":"de_DE","og_type":"article","og_title":"Hello World - Ursels","og_url":"http:\/\/ursels.com\/index.php\/hello_world\/","og_site_name":"Ursels","article_modified_time":"2026-04-06T16:24:23+00:00","twitter_card":"summary_large_image","schema":{"@context":"https:\/\/schema.org","@graph":[{"@type":"WebPage","@id":"http:\/\/ursels.com\/index.php\/hello_world\/","url":"http:\/\/ursels.com\/index.php\/hello_world\/","name":"Hello World - Ursels","isPartOf":{"@id":"http:\/\/ursels.com\/#website"},"datePublished":"2026-01-08T20:27:20+00:00","dateModified":"2026-04-06T16:24:23+00:00","breadcrumb":{"@id":"http:\/\/ursels.com\/index.php\/hello_world\/#breadcrumb"},"inLanguage":"de","potentialAction":[{"@type":"ReadAction","target":["http:\/\/ursels.com\/index.php\/hello_world\/"]}]},{"@type":"BreadcrumbList","@id":"http:\/\/ursels.com\/index.php\/hello_world\/#breadcrumb","itemListElement":[{"@type":"ListItem","position":1,"name":"Start","item":"http:\/\/ursels.com\/"},{"@type":"ListItem","position":2,"name":"Hello World"}]},{"@type":"WebSite","@id":"http:\/\/ursels.com\/#website","url":"http:\/\/ursels.com\/","name":"Ursels","description":"Geschenke und Lieblingsst\u00fccke f\u00fcr Babys &amp; Kinder","potentialAction":[{"@type":"SearchAction","target":{"@type":"EntryPoint","urlTemplate":"http:\/\/ursels.com\/?s={search_term_string}"},"query-input":{"@type":"PropertyValueSpecification","valueRequired":true,"valueName":"search_term_string"}}],"inLanguage":"de"}]}},"jetpack_sharing_enabled":true,"_links":{"self":[{"href":"http:\/\/ursels.com\/index.php\/wp-json\/wp\/v2\/pages\/11","targetHints":{"allow":["GET"]}}],"collection":[{"href":"http:\/\/ursels.com\/index.php\/wp-json\/wp\/v2\/pages"}],"about":[{"href":"http:\/\/ursels.com\/index.php\/wp-json\/wp\/v2\/types\/page"}],"author":[{"embeddable":true,"href":"http:\/\/ursels.com\/index.php\/wp-json\/wp\/v2\/users\/1"}],"replies":[{"embeddable":true,"href":"http:\/\/ursels.com\/index.php\/wp-json\/wp\/v2\/comments?post=11"}],"version-history":[{"count":4,"href":"http:\/\/ursels.com\/index.php\/wp-json\/wp\/v2\/pages\/11\/revisions"}],"predecessor-version":[{"id":187,"href":"http:\/\/ursels.com\/index.php\/wp-json\/wp\/v2\/pages\/11\/revisions\/187"}],"wp:attachment":[{"href":"http:\/\/ursels.com\/index.php\/wp-json\/wp\/v2\/media?parent=11"}],"curies":[{"name":"wp","href":"https:\/\/api.w.org\/{rel}","templated":true}]}}