{"id":188,"date":"2026-04-06T17:24:57","date_gmt":"2026-04-06T16:24:57","guid":{"rendered":"https:\/\/ursels.com\/?page_id=188"},"modified":"2026-04-06T17:30:07","modified_gmt":"2026-04-06T16:30:07","slug":"school-is-cool","status":"publish","type":"page","link":"http:\/\/ursels.com\/index.php\/school-is-cool\/","title":{"rendered":"School is cool"},"content":{"rendered":"<div class=\"et_pb_section_0 et_pb_section et_section_regular et_flex_section et_pb_section_parallax\"><span class=\"et-pb-parallax-wrapper\"><span class=\"et-pb-parallax-background et-pb-parallax-background-module--divi-section-0\" style=\"background-image:url(http:\/\/ursels.com\/wp-content\/uploads\/2026\/02\/ChatGPT-Image-12.-Jan.-2026-10_18_46.png)\"><\/span><\/span>\n<div class=\"et_pb_row_0 et_pb_row et_flex_row\">\n<div class=\"et_pb_column_0 et_pb_column et-last-child et_flex_column et_pb_css_mix_blend_mode_passthrough et_flex_column_24_24\">\n<div class=\"et_pb_text_0 et_pb_text et_pb_bg_layout_light et_pb_module et_flex_module\"><div class=\"et_pb_text_inner\"><h2 style=\"text-align: center;\">School is cool<\/h2>\n<h2 style=\"text-align: center;\"><b style=\"font-family: Inter, serif; font-size: 24px; font-weight: 500; font-style: italic;\">Bereit f\u00fcr gro\u00dfe Schritte<\/b><\/h2>\n<p><em><b><\/b><\/em><\/p>\n<p class=\"p1\">Der erste Schultag ist mehr als nur ein neuer Abschnitt. Es ist der Beginn eines Abenteuers voller Entdeckungen, Freundschaften und kleiner gro\u00dfer Erfolge.<\/p>\n<p class=\"p1\">In unserer Kategorie <span class=\"s1\"><b>School is cool<\/b><\/span> findest du alles, was Kinder f\u00fcr diesen besonderen Start brauchen \u2013 und noch ein bisschen mehr. Von <span class=\"s1\"><b>Stundenpl\u00e4nen<\/b><\/span>, die den \u00dcberblick erleichtern, \u00fcber <span class=\"s1\"><b>gravierte Stifte<\/b><\/span> und <span class=\"s1\"><b>M\u00e4ppchen<\/b><\/span> bis hin zu <span class=\"s1\"><b>Schult\u00fctenanh\u00e4ngern<\/b><\/span> und <span class=\"s1\"><b>Stiftedosen<\/b><\/span>, die den Schulalltag pers\u00f6nlicher machen.<\/p>\n<p class=\"p1\">Denn gerade am Anfang sind es die kleinen Dinge, die Sicherheit geben und ein L\u00e4cheln ins Gesicht zaubern. Wenn alles einen festen Platz hat \u2013 und noch dazu den eigenen Namen tr\u00e4gt.<\/p>\n<p class=\"p1\">Alle Produkte werden mit viel Liebe zum Detail gefertigt, personalisierbar gestaltet und darauf ausgelegt, den Schulstart nicht nur praktisch, sondern auch besonders zu machen.<\/p>\n<p class=\"p1\">F\u00fcr kleine Schulstarter mit gro\u00dfen Tr\u00e4umen.<\/p>\n<\/div><\/div>\n<\/div>\n<\/div>\n<\/div>\n\n<div class=\"et_pb_section_1 et_pb_section et_section_regular et_flex_section\">\n<div class=\"et_pb_row_1 et_pb_row et_flex_row\">\n<div class=\"et_pb_column_1 et_pb_column et-last-child et_flex_column et_pb_css_mix_blend_mode_passthrough et_flex_column_24_24\">\n<div class=\"et_pb_shop_0 et_pb_shop et_pb_module\" data-shortcode_index=\"0\"><div class=\"woocommerce\"><div class=\"woocommerce-info\">No products were found matching your selection.<\/div><\/div><\/div>\n<\/div>\n<\/div>\n<\/div>","protected":false},"excerpt":{"rendered":"","protected":false},"author":1,"featured_media":0,"parent":0,"menu_order":0,"comment_status":"closed","ping_status":"closed","template":"","meta":{"footnotes":""},"class_list":["post-188","page","type-page","status-publish","hentry"],"yoast_head":"<!-- This site is optimized with the Yoast SEO plugin v27.4 - https:\/\/yoast.com\/product\/yoast-seo-wordpress\/ -->\n<title>School is cool - Ursels<\/title>\n<meta name=\"robots\" content=\"index, follow, max-snippet:-1, max-image-preview:large, max-video-preview:-1\" \/>\n<link rel=\"canonical\" href=\"http:\/\/ursels.com\/index.php\/school-is-cool\/\" \/>\n<meta property=\"og:locale\" content=\"de_DE\" \/>\n<meta property=\"og:type\" content=\"article\" \/>\n<meta property=\"og:title\" content=\"School is cool - Ursels\" \/>\n<meta property=\"og:url\" content=\"http:\/\/ursels.com\/index.php\/school-is-cool\/\" \/>\n<meta property=\"og:site_name\" content=\"Ursels\" \/>\n<meta property=\"article:modified_time\" content=\"2026-04-06T16:30:07+00:00\" \/>\n<meta name=\"twitter:card\" content=\"summary_large_image\" \/>\n<script type=\"application\/ld+json\" class=\"yoast-schema-graph\">{\"@context\":\"https:\\\/\\\/schema.org\",\"@graph\":[{\"@type\":\"WebPage\",\"@id\":\"http:\\\/\\\/ursels.com\\\/index.php\\\/school-is-cool\\\/\",\"url\":\"http:\\\/\\\/ursels.com\\\/index.php\\\/school-is-cool\\\/\",\"name\":\"School is cool - Ursels\",\"isPartOf\":{\"@id\":\"http:\\\/\\\/ursels.com\\\/#website\"},\"datePublished\":\"2026-04-06T16:24:57+00:00\",\"dateModified\":\"2026-04-06T16:30:07+00:00\",\"breadcrumb\":{\"@id\":\"http:\\\/\\\/ursels.com\\\/index.php\\\/school-is-cool\\\/#breadcrumb\"},\"inLanguage\":\"de\",\"potentialAction\":[{\"@type\":\"ReadAction\",\"target\":[\"http:\\\/\\\/ursels.com\\\/index.php\\\/school-is-cool\\\/\"]}]},{\"@type\":\"BreadcrumbList\",\"@id\":\"http:\\\/\\\/ursels.com\\\/index.php\\\/school-is-cool\\\/#breadcrumb\",\"itemListElement\":[{\"@type\":\"ListItem\",\"position\":1,\"name\":\"Start\",\"item\":\"http:\\\/\\\/ursels.com\\\/\"},{\"@type\":\"ListItem\",\"position\":2,\"name\":\"School is cool\"}]},{\"@type\":\"WebSite\",\"@id\":\"http:\\\/\\\/ursels.com\\\/#website\",\"url\":\"http:\\\/\\\/ursels.com\\\/\",\"name\":\"Ursels\",\"description\":\"Geschenke und Lieblingsst\u00fccke f\u00fcr Babys &amp; Kinder\",\"potentialAction\":[{\"@type\":\"SearchAction\",\"target\":{\"@type\":\"EntryPoint\",\"urlTemplate\":\"http:\\\/\\\/ursels.com\\\/?s={search_term_string}\"},\"query-input\":{\"@type\":\"PropertyValueSpecification\",\"valueRequired\":true,\"valueName\":\"search_term_string\"}}],\"inLanguage\":\"de\"}]}<\/script>\n<!-- \/ Yoast SEO plugin. -->","yoast_head_json":{"title":"School is cool - Ursels","robots":{"index":"index","follow":"follow","max-snippet":"max-snippet:-1","max-image-preview":"max-image-preview:large","max-video-preview":"max-video-preview:-1"},"canonical":"http:\/\/ursels.com\/index.php\/school-is-cool\/","og_locale":"de_DE","og_type":"article","og_title":"School is cool - Ursels","og_url":"http:\/\/ursels.com\/index.php\/school-is-cool\/","og_site_name":"Ursels","article_modified_time":"2026-04-06T16:30:07+00:00","twitter_card":"summary_large_image","schema":{"@context":"https:\/\/schema.org","@graph":[{"@type":"WebPage","@id":"http:\/\/ursels.com\/index.php\/school-is-cool\/","url":"http:\/\/ursels.com\/index.php\/school-is-cool\/","name":"School is cool - Ursels","isPartOf":{"@id":"http:\/\/ursels.com\/#website"},"datePublished":"2026-04-06T16:24:57+00:00","dateModified":"2026-04-06T16:30:07+00:00","breadcrumb":{"@id":"http:\/\/ursels.com\/index.php\/school-is-cool\/#breadcrumb"},"inLanguage":"de","potentialAction":[{"@type":"ReadAction","target":["http:\/\/ursels.com\/index.php\/school-is-cool\/"]}]},{"@type":"BreadcrumbList","@id":"http:\/\/ursels.com\/index.php\/school-is-cool\/#breadcrumb","itemListElement":[{"@type":"ListItem","position":1,"name":"Start","item":"http:\/\/ursels.com\/"},{"@type":"ListItem","position":2,"name":"School is cool"}]},{"@type":"WebSite","@id":"http:\/\/ursels.com\/#website","url":"http:\/\/ursels.com\/","name":"Ursels","description":"Geschenke und Lieblingsst\u00fccke f\u00fcr Babys &amp; Kinder","potentialAction":[{"@type":"SearchAction","target":{"@type":"EntryPoint","urlTemplate":"http:\/\/ursels.com\/?s={search_term_string}"},"query-input":{"@type":"PropertyValueSpecification","valueRequired":true,"valueName":"search_term_string"}}],"inLanguage":"de"}]}},"jetpack_sharing_enabled":true,"_links":{"self":[{"href":"http:\/\/ursels.com\/index.php\/wp-json\/wp\/v2\/pages\/188","targetHints":{"allow":["GET"]}}],"collection":[{"href":"http:\/\/ursels.com\/index.php\/wp-json\/wp\/v2\/pages"}],"about":[{"href":"http:\/\/ursels.com\/index.php\/wp-json\/wp\/v2\/types\/page"}],"author":[{"embeddable":true,"href":"http:\/\/ursels.com\/index.php\/wp-json\/wp\/v2\/users\/1"}],"replies":[{"embeddable":true,"href":"http:\/\/ursels.com\/index.php\/wp-json\/wp\/v2\/comments?post=188"}],"version-history":[{"count":2,"href":"http:\/\/ursels.com\/index.php\/wp-json\/wp\/v2\/pages\/188\/revisions"}],"predecessor-version":[{"id":190,"href":"http:\/\/ursels.com\/index.php\/wp-json\/wp\/v2\/pages\/188\/revisions\/190"}],"wp:attachment":[{"href":"http:\/\/ursels.com\/index.php\/wp-json\/wp\/v2\/media?parent=188"}],"curies":[{"name":"wp","href":"https:\/\/api.w.org\/{rel}","templated":true}]}}