{"id":194,"date":"2026-04-06T17:34:53","date_gmt":"2026-04-06T16:34:53","guid":{"rendered":"https:\/\/ursels.com\/?page_id=194"},"modified":"2026-04-06T17:44:32","modified_gmt":"2026-04-06T16:44:32","slug":"alltagsbegleiter","status":"publish","type":"page","link":"http:\/\/ursels.com\/index.php\/alltagsbegleiter\/","title":{"rendered":"Alltagsbegleiter"},"content":{"rendered":"<div class=\"et_pb_section_0 et_pb_section et_section_regular et_flex_section\">\n<div class=\"et_pb_row_0 et_pb_row et_flex_row\">\n<div class=\"et_pb_column_0 et_pb_column et-last-child et_flex_column et_pb_css_mix_blend_mode_passthrough et_flex_column_24_24\">\n<div class=\"et_pb_text_0 et_pb_text et_pb_bg_layout_light et_pb_module et_flex_module\"><div class=\"et_pb_text_inner\"><h2 style=\"text-align: center;\">Alltagsbegleiter<\/h2>\n<h2 style=\"text-align: center;\"><b style=\"font-family: Inter, serif; font-size: 24px; font-weight: 500; font-style: italic;\">f\u00fcr jeden Tag gemacht<\/b><\/h2>\n<p><em><b><\/b><\/em><\/p>\n<p class=\"p1\">Der Alltag besteht aus vielen kleinen Momenten \u2013 morgens auf dem Weg zur Kita, beim gemeinsamen Fr\u00fchst\u00fcck oder unterwegs mit den liebsten Dingen im Gep\u00e4ck.<\/p>\n<p class=\"p1\">In unserer Kategorie <span class=\"s1\"><b>Alltagsbegleiter<\/b><\/span> findest du praktische Produkte, die genau daf\u00fcr gemacht sind: dich und dein Kind Tag f\u00fcr Tag zu begleiten. Von <span class=\"s1\"><b>Thermoskannen<\/b><\/span> und <span class=\"s1\"><b>Brotdosen<\/b><\/span> \u00fcber <span class=\"s1\"><b>Kitarucks\u00e4cke<\/b><\/span> und <span class=\"s1\"><b>Airtag-Etuis<\/b><\/span> bis hin zu liebevoll gestalteten Details wie einer <span class=\"s1\"><b>Wanduhr<\/b><\/span> f\u00fcrs Kinderzimmer.<\/p>\n<p class=\"p1\">Funktional, langlebig und mit dem gewissen Etwas \u2013 denn auch Allt\u00e4gliches darf sch\u00f6n sein. Vor allem dann, wenn es personalisiert ist und genau zu euch passt.<\/p>\n<p class=\"p1\">So werden selbst die kleinen Routinen zu etwas Besonderem.<\/p>\n<p class=\"p1\">F\u00fcr einen Alltag, der sich gut anf\u00fchlt.<\/p>\n<\/div><\/div>\n<\/div>\n<\/div>\n<\/div>\n\n<div class=\"et_pb_section_1 et_pb_section et_section_regular et_flex_section\">\n<div class=\"et_pb_row_1 et_pb_row et_flex_row\">\n<div class=\"et_pb_column_1 et_pb_column et-last-child et_flex_column et_pb_css_mix_blend_mode_passthrough et_flex_column_24_24\">\n<div class=\"et_pb_shop_0 et_pb_shop et_pb_module\" data-shortcode_index=\"0\"><div class=\"woocommerce\"><div class=\"woocommerce-info\">No products were found matching your selection.<\/div><\/div><\/div>\n<\/div>\n<\/div>\n<\/div>","protected":false},"excerpt":{"rendered":"","protected":false},"author":1,"featured_media":0,"parent":0,"menu_order":0,"comment_status":"closed","ping_status":"closed","template":"","meta":{"footnotes":""},"class_list":["post-194","page","type-page","status-publish","hentry"],"yoast_head":"<!-- This site is optimized with the Yoast SEO plugin v27.4 - https:\/\/yoast.com\/product\/yoast-seo-wordpress\/ -->\n<title>Alltagsbegleiter - Ursels<\/title>\n<meta name=\"robots\" content=\"index, follow, max-snippet:-1, max-image-preview:large, max-video-preview:-1\" \/>\n<link rel=\"canonical\" href=\"http:\/\/ursels.com\/index.php\/alltagsbegleiter\/\" \/>\n<meta property=\"og:locale\" content=\"de_DE\" \/>\n<meta property=\"og:type\" content=\"article\" \/>\n<meta property=\"og:title\" content=\"Alltagsbegleiter - Ursels\" \/>\n<meta property=\"og:url\" content=\"http:\/\/ursels.com\/index.php\/alltagsbegleiter\/\" \/>\n<meta property=\"og:site_name\" content=\"Ursels\" \/>\n<meta property=\"article:modified_time\" content=\"2026-04-06T16:44:32+00:00\" \/>\n<meta name=\"twitter:card\" content=\"summary_large_image\" \/>\n<script type=\"application\/ld+json\" class=\"yoast-schema-graph\">{\"@context\":\"https:\\\/\\\/schema.org\",\"@graph\":[{\"@type\":\"WebPage\",\"@id\":\"http:\\\/\\\/ursels.com\\\/index.php\\\/alltagsbegleiter\\\/\",\"url\":\"http:\\\/\\\/ursels.com\\\/index.php\\\/alltagsbegleiter\\\/\",\"name\":\"Alltagsbegleiter - Ursels\",\"isPartOf\":{\"@id\":\"http:\\\/\\\/ursels.com\\\/#website\"},\"datePublished\":\"2026-04-06T16:34:53+00:00\",\"dateModified\":\"2026-04-06T16:44:32+00:00\",\"breadcrumb\":{\"@id\":\"http:\\\/\\\/ursels.com\\\/index.php\\\/alltagsbegleiter\\\/#breadcrumb\"},\"inLanguage\":\"de\",\"potentialAction\":[{\"@type\":\"ReadAction\",\"target\":[\"http:\\\/\\\/ursels.com\\\/index.php\\\/alltagsbegleiter\\\/\"]}]},{\"@type\":\"BreadcrumbList\",\"@id\":\"http:\\\/\\\/ursels.com\\\/index.php\\\/alltagsbegleiter\\\/#breadcrumb\",\"itemListElement\":[{\"@type\":\"ListItem\",\"position\":1,\"name\":\"Start\",\"item\":\"http:\\\/\\\/ursels.com\\\/\"},{\"@type\":\"ListItem\",\"position\":2,\"name\":\"Alltagsbegleiter\"}]},{\"@type\":\"WebSite\",\"@id\":\"http:\\\/\\\/ursels.com\\\/#website\",\"url\":\"http:\\\/\\\/ursels.com\\\/\",\"name\":\"Ursels\",\"description\":\"Geschenke und Lieblingsst\u00fccke f\u00fcr Babys &amp; Kinder\",\"potentialAction\":[{\"@type\":\"SearchAction\",\"target\":{\"@type\":\"EntryPoint\",\"urlTemplate\":\"http:\\\/\\\/ursels.com\\\/?s={search_term_string}\"},\"query-input\":{\"@type\":\"PropertyValueSpecification\",\"valueRequired\":true,\"valueName\":\"search_term_string\"}}],\"inLanguage\":\"de\"}]}<\/script>\n<!-- \/ Yoast SEO plugin. -->","yoast_head_json":{"title":"Alltagsbegleiter - Ursels","robots":{"index":"index","follow":"follow","max-snippet":"max-snippet:-1","max-image-preview":"max-image-preview:large","max-video-preview":"max-video-preview:-1"},"canonical":"http:\/\/ursels.com\/index.php\/alltagsbegleiter\/","og_locale":"de_DE","og_type":"article","og_title":"Alltagsbegleiter - Ursels","og_url":"http:\/\/ursels.com\/index.php\/alltagsbegleiter\/","og_site_name":"Ursels","article_modified_time":"2026-04-06T16:44:32+00:00","twitter_card":"summary_large_image","schema":{"@context":"https:\/\/schema.org","@graph":[{"@type":"WebPage","@id":"http:\/\/ursels.com\/index.php\/alltagsbegleiter\/","url":"http:\/\/ursels.com\/index.php\/alltagsbegleiter\/","name":"Alltagsbegleiter - Ursels","isPartOf":{"@id":"http:\/\/ursels.com\/#website"},"datePublished":"2026-04-06T16:34:53+00:00","dateModified":"2026-04-06T16:44:32+00:00","breadcrumb":{"@id":"http:\/\/ursels.com\/index.php\/alltagsbegleiter\/#breadcrumb"},"inLanguage":"de","potentialAction":[{"@type":"ReadAction","target":["http:\/\/ursels.com\/index.php\/alltagsbegleiter\/"]}]},{"@type":"BreadcrumbList","@id":"http:\/\/ursels.com\/index.php\/alltagsbegleiter\/#breadcrumb","itemListElement":[{"@type":"ListItem","position":1,"name":"Start","item":"http:\/\/ursels.com\/"},{"@type":"ListItem","position":2,"name":"Alltagsbegleiter"}]},{"@type":"WebSite","@id":"http:\/\/ursels.com\/#website","url":"http:\/\/ursels.com\/","name":"Ursels","description":"Geschenke und Lieblingsst\u00fccke f\u00fcr Babys &amp; Kinder","potentialAction":[{"@type":"SearchAction","target":{"@type":"EntryPoint","urlTemplate":"http:\/\/ursels.com\/?s={search_term_string}"},"query-input":{"@type":"PropertyValueSpecification","valueRequired":true,"valueName":"search_term_string"}}],"inLanguage":"de"}]}},"jetpack_sharing_enabled":true,"_links":{"self":[{"href":"http:\/\/ursels.com\/index.php\/wp-json\/wp\/v2\/pages\/194","targetHints":{"allow":["GET"]}}],"collection":[{"href":"http:\/\/ursels.com\/index.php\/wp-json\/wp\/v2\/pages"}],"about":[{"href":"http:\/\/ursels.com\/index.php\/wp-json\/wp\/v2\/types\/page"}],"author":[{"embeddable":true,"href":"http:\/\/ursels.com\/index.php\/wp-json\/wp\/v2\/users\/1"}],"replies":[{"embeddable":true,"href":"http:\/\/ursels.com\/index.php\/wp-json\/wp\/v2\/comments?post=194"}],"version-history":[{"count":4,"href":"http:\/\/ursels.com\/index.php\/wp-json\/wp\/v2\/pages\/194\/revisions"}],"predecessor-version":[{"id":198,"href":"http:\/\/ursels.com\/index.php\/wp-json\/wp\/v2\/pages\/194\/revisions\/198"}],"wp:attachment":[{"href":"http:\/\/ursels.com\/index.php\/wp-json\/wp\/v2\/media?parent=194"}],"curies":[{"name":"wp","href":"https:\/\/api.w.org\/{rel}","templated":true}]}}