{"id":199,"date":"2026-04-06T17:46:36","date_gmt":"2026-04-06T16:46:36","guid":{"rendered":"https:\/\/ursels.com\/?page_id=199"},"modified":"2026-04-06T17:49:21","modified_gmt":"2026-04-06T16:49:21","slug":"kleine-aufmerksamkeiten","status":"publish","type":"page","link":"http:\/\/ursels.com\/index.php\/kleine-aufmerksamkeiten\/","title":{"rendered":"Kleine Aufmerksamkeiten"},"content":{"rendered":"<div class=\"et_pb_section_0 et_pb_section et_section_regular et_flex_section\">\n<div class=\"et_pb_row_0 et_pb_row et_flex_row\">\n<div class=\"et_pb_column_0 et_pb_column et-last-child et_flex_column et_pb_css_mix_blend_mode_passthrough et_flex_column_24_24\">\n<div class=\"et_pb_text_0 et_pb_text et_pb_bg_layout_light et_pb_module et_flex_module\"><div class=\"et_pb_text_inner\"><h2 style=\"text-align: center;\">Kleine Aufmerksamkeiten<\/h2>\n<h2 style=\"text-align: center;\"><b style=\"font-family: Inter, serif; font-size: 24px; font-weight: 500; font-style: italic;\">Schenken was von Herzen kommt<\/b><\/h2>\n<p><em><b><\/b><\/em><\/p>\n<p class=\"p1\">Manchmal braucht es keinen gro\u00dfen Anlass, um jemandem eine Freude zu machen. Oft sind es gerade die kleinen Gesten, die am meisten bedeuten.<\/p>\n<p class=\"p1\">In unserer Kategorie <span class=\"s1\"><b>Kleine Aufmerksamkeiten<\/b><\/span> findest du liebevoll gestaltete Geschenkideen, die genau daf\u00fcr gemacht sind: ein L\u00e4cheln zu schenken. Ob f\u00fcr frischgebackene Eltern, kleine Geburtstagskinder, Erzieher:innen oder einfach zwischendurch.<\/p>\n<p class=\"p1\">Von personalisierten Kleinigkeiten bis hin zu besonderen Details, die zeigen: <i>Ich hab an dich gedacht.<\/i><i><\/i><\/p>\n<p class=\"p1\">Mit viel Sorgfalt gefertigt und individuell anpassbar werden aus kleinen Geschenken echte Erinnerungsst\u00fccke \u2013 pers\u00f6nlich, hochwertig und mit Bedeutung.<\/p>\n<p class=\"p1\">Denn manchmal sind es die kleinsten Dinge, die den gr\u00f6\u00dften Platz im Herzen bekommen.<\/p>\n<\/div><\/div>\n<\/div>\n<\/div>\n<\/div>\n\n<div class=\"et_pb_section_1 et_pb_section et_section_regular et_flex_section\">\n<div class=\"et_pb_row_1 et_pb_row et_flex_row\">\n<div class=\"et_pb_column_1 et_pb_column et-last-child et_flex_column et_pb_css_mix_blend_mode_passthrough et_flex_column_24_24\">\n<div class=\"et_pb_shop_0 et_pb_shop et_pb_module\" data-shortcode_index=\"0\"><div class=\"woocommerce\"><div class=\"woocommerce-info\">No products were found matching your selection.<\/div><\/div><\/div>\n<\/div>\n<\/div>\n<\/div>","protected":false},"excerpt":{"rendered":"","protected":false},"author":1,"featured_media":0,"parent":0,"menu_order":0,"comment_status":"closed","ping_status":"closed","template":"","meta":{"footnotes":""},"class_list":["post-199","page","type-page","status-publish","hentry"],"yoast_head":"<!-- This site is optimized with the Yoast SEO plugin v27.4 - https:\/\/yoast.com\/product\/yoast-seo-wordpress\/ -->\n<title>Kleine Aufmerksamkeiten - Ursels<\/title>\n<meta name=\"robots\" content=\"index, follow, max-snippet:-1, max-image-preview:large, max-video-preview:-1\" \/>\n<link rel=\"canonical\" href=\"http:\/\/ursels.com\/index.php\/kleine-aufmerksamkeiten\/\" \/>\n<meta property=\"og:locale\" content=\"de_DE\" \/>\n<meta property=\"og:type\" content=\"article\" \/>\n<meta property=\"og:title\" content=\"Kleine Aufmerksamkeiten - Ursels\" \/>\n<meta property=\"og:url\" content=\"http:\/\/ursels.com\/index.php\/kleine-aufmerksamkeiten\/\" \/>\n<meta property=\"og:site_name\" content=\"Ursels\" \/>\n<meta property=\"article:modified_time\" content=\"2026-04-06T16:49:21+00:00\" \/>\n<meta name=\"twitter:card\" content=\"summary_large_image\" \/>\n<script type=\"application\/ld+json\" class=\"yoast-schema-graph\">{\"@context\":\"https:\\\/\\\/schema.org\",\"@graph\":[{\"@type\":\"WebPage\",\"@id\":\"http:\\\/\\\/ursels.com\\\/index.php\\\/kleine-aufmerksamkeiten\\\/\",\"url\":\"http:\\\/\\\/ursels.com\\\/index.php\\\/kleine-aufmerksamkeiten\\\/\",\"name\":\"Kleine Aufmerksamkeiten - Ursels\",\"isPartOf\":{\"@id\":\"http:\\\/\\\/ursels.com\\\/#website\"},\"datePublished\":\"2026-04-06T16:46:36+00:00\",\"dateModified\":\"2026-04-06T16:49:21+00:00\",\"breadcrumb\":{\"@id\":\"http:\\\/\\\/ursels.com\\\/index.php\\\/kleine-aufmerksamkeiten\\\/#breadcrumb\"},\"inLanguage\":\"de\",\"potentialAction\":[{\"@type\":\"ReadAction\",\"target\":[\"http:\\\/\\\/ursels.com\\\/index.php\\\/kleine-aufmerksamkeiten\\\/\"]}]},{\"@type\":\"BreadcrumbList\",\"@id\":\"http:\\\/\\\/ursels.com\\\/index.php\\\/kleine-aufmerksamkeiten\\\/#breadcrumb\",\"itemListElement\":[{\"@type\":\"ListItem\",\"position\":1,\"name\":\"Start\",\"item\":\"http:\\\/\\\/ursels.com\\\/\"},{\"@type\":\"ListItem\",\"position\":2,\"name\":\"Kleine Aufmerksamkeiten\"}]},{\"@type\":\"WebSite\",\"@id\":\"http:\\\/\\\/ursels.com\\\/#website\",\"url\":\"http:\\\/\\\/ursels.com\\\/\",\"name\":\"Ursels\",\"description\":\"Geschenke und Lieblingsst\u00fccke f\u00fcr Babys &amp; Kinder\",\"potentialAction\":[{\"@type\":\"SearchAction\",\"target\":{\"@type\":\"EntryPoint\",\"urlTemplate\":\"http:\\\/\\\/ursels.com\\\/?s={search_term_string}\"},\"query-input\":{\"@type\":\"PropertyValueSpecification\",\"valueRequired\":true,\"valueName\":\"search_term_string\"}}],\"inLanguage\":\"de\"}]}<\/script>\n<!-- \/ Yoast SEO plugin. -->","yoast_head_json":{"title":"Kleine Aufmerksamkeiten - Ursels","robots":{"index":"index","follow":"follow","max-snippet":"max-snippet:-1","max-image-preview":"max-image-preview:large","max-video-preview":"max-video-preview:-1"},"canonical":"http:\/\/ursels.com\/index.php\/kleine-aufmerksamkeiten\/","og_locale":"de_DE","og_type":"article","og_title":"Kleine Aufmerksamkeiten - Ursels","og_url":"http:\/\/ursels.com\/index.php\/kleine-aufmerksamkeiten\/","og_site_name":"Ursels","article_modified_time":"2026-04-06T16:49:21+00:00","twitter_card":"summary_large_image","schema":{"@context":"https:\/\/schema.org","@graph":[{"@type":"WebPage","@id":"http:\/\/ursels.com\/index.php\/kleine-aufmerksamkeiten\/","url":"http:\/\/ursels.com\/index.php\/kleine-aufmerksamkeiten\/","name":"Kleine Aufmerksamkeiten - Ursels","isPartOf":{"@id":"http:\/\/ursels.com\/#website"},"datePublished":"2026-04-06T16:46:36+00:00","dateModified":"2026-04-06T16:49:21+00:00","breadcrumb":{"@id":"http:\/\/ursels.com\/index.php\/kleine-aufmerksamkeiten\/#breadcrumb"},"inLanguage":"de","potentialAction":[{"@type":"ReadAction","target":["http:\/\/ursels.com\/index.php\/kleine-aufmerksamkeiten\/"]}]},{"@type":"BreadcrumbList","@id":"http:\/\/ursels.com\/index.php\/kleine-aufmerksamkeiten\/#breadcrumb","itemListElement":[{"@type":"ListItem","position":1,"name":"Start","item":"http:\/\/ursels.com\/"},{"@type":"ListItem","position":2,"name":"Kleine Aufmerksamkeiten"}]},{"@type":"WebSite","@id":"http:\/\/ursels.com\/#website","url":"http:\/\/ursels.com\/","name":"Ursels","description":"Geschenke und Lieblingsst\u00fccke f\u00fcr Babys &amp; Kinder","potentialAction":[{"@type":"SearchAction","target":{"@type":"EntryPoint","urlTemplate":"http:\/\/ursels.com\/?s={search_term_string}"},"query-input":{"@type":"PropertyValueSpecification","valueRequired":true,"valueName":"search_term_string"}}],"inLanguage":"de"}]}},"jetpack_sharing_enabled":true,"_links":{"self":[{"href":"http:\/\/ursels.com\/index.php\/wp-json\/wp\/v2\/pages\/199","targetHints":{"allow":["GET"]}}],"collection":[{"href":"http:\/\/ursels.com\/index.php\/wp-json\/wp\/v2\/pages"}],"about":[{"href":"http:\/\/ursels.com\/index.php\/wp-json\/wp\/v2\/types\/page"}],"author":[{"embeddable":true,"href":"http:\/\/ursels.com\/index.php\/wp-json\/wp\/v2\/users\/1"}],"replies":[{"embeddable":true,"href":"http:\/\/ursels.com\/index.php\/wp-json\/wp\/v2\/comments?post=199"}],"version-history":[{"count":3,"href":"http:\/\/ursels.com\/index.php\/wp-json\/wp\/v2\/pages\/199\/revisions"}],"predecessor-version":[{"id":202,"href":"http:\/\/ursels.com\/index.php\/wp-json\/wp\/v2\/pages\/199\/revisions\/202"}],"wp:attachment":[{"href":"http:\/\/ursels.com\/index.php\/wp-json\/wp\/v2\/media?parent=199"}],"curies":[{"name":"wp","href":"https:\/\/api.w.org\/{rel}","templated":true}]}}